{"id":1108,"date":"2016-07-05T12:27:20","date_gmt":"2016-07-05T15:27:20","guid":{"rendered":"http:\/\/www.p22on.com.br\/?page_id=1108"},"modified":"2022-02-14T10:33:45","modified_gmt":"2022-02-14T13:33:45","slug":"parcerias","status":"publish","type":"page","link":"https:\/\/www.p22on.com.br\/parcerias\/","title":{"rendered":"Parcerias"},"content":{"rendered":"<p>Se voc\u00ea tem interesse em associar a sua organiza\u00e7\u00e3o a um conte\u00fado de alta qualidade sobre temas estrat\u00e9gicos da sustentabilidade, apoie as edi\u00e7\u00f5es da <strong>P22_ON<\/strong>!<\/p>\n<div>Para informa\u00e7\u00f5es sobre as condi\u00e7\u00f5es de parceria, escreva para contato@pagina22.com.br.<\/div>\n<p>&nbsp;<\/p>\n","protected":false},"excerpt":{"rendered":"<p>Se voc\u00ea tem interesse em associar a sua organiza\u00e7\u00e3o a um conte\u00fado de alta qualidade sobre temas estrat\u00e9gicos da sustentabilidade, apoie as edi\u00e7\u00f5es da P22_ON! Para informa\u00e7\u00f5es sobre as condi\u00e7\u00f5es de parceria, escreva para contato@pagina22.com.br. &nbsp;<\/p>\n","protected":false},"author":2,"featured_media":0,"parent":0,"menu_order":0,"comment_status":"closed","ping_status":"closed","template":"","meta":{"footnotes":""},"yoast_head":"<!-- This site is optimized with the Yoast SEO plugin v21.5 - https:\/\/yoast.com\/wordpress\/plugins\/seo\/ -->\n<title>Parcerias<\/title>\n<meta name=\"description\" content=\"Se voc\u00ea tem interesse em associar a sua organiza\u00e7\u00e3o a um conte\u00fado de alta qualidade sobre temas estrat\u00e9gicos da sustentabilidade, apoie as edi\u00e7\u00f5es da P22_ON! Para informa\u00e7\u00f5es sobre as condi\u00e7\u00f5es de parceria, escreva para contato@pagina22.com.br. &nbsp;\" \/>\n<meta name=\"robots\" content=\"index, follow, max-snippet:-1, max-image-preview:large, max-video-preview:-1\" \/>\n<link rel=\"canonical\" href=\"https:\/\/www.p22on.com.br\/parcerias\/\" \/>\n<meta property=\"og:locale\" content=\"en_US\" \/>\n<meta property=\"og:type\" content=\"article\" \/>\n<meta property=\"og:title\" content=\"Parcerias\" \/>\n<meta property=\"og:description\" content=\"Se voc\u00ea tem interesse em associar a sua organiza\u00e7\u00e3o a um conte\u00fado de alta qualidade sobre temas estrat\u00e9gicos da sustentabilidade, apoie as edi\u00e7\u00f5es da P22_ON! Para informa\u00e7\u00f5es sobre as condi\u00e7\u00f5es de parceria, escreva para contato@pagina22.com.br. &nbsp;\" \/>\n<meta property=\"og:url\" content=\"https:\/\/www.p22on.com.br\/parcerias\/\" \/>\n<meta property=\"og:site_name\" content=\"P22_ON\" \/>\n<meta property=\"article:publisher\" content=\"https:\/\/www.facebook.com\/p22on\" \/>\n<meta property=\"article:modified_time\" content=\"2022-02-14T13:33:45+00:00\" \/>\n<meta property=\"og:image\" content=\"http:\/\/www.p22on.com.br\/wp-content\/uploads\/2015\/08\/p22on-thumbnail.jpg\" \/>\n<meta name=\"twitter:card\" content=\"summary_large_image\" \/>\n<meta name=\"twitter:site\" content=\"@p22on\" \/>\n<meta name=\"twitter:label1\" content=\"Est. reading time\" \/>\n\t<meta name=\"twitter:data1\" content=\"1 minute\" \/>\n<script type=\"application\/ld+json\" class=\"yoast-schema-graph\">{\"@context\":\"https:\/\/schema.org\",\"@graph\":[{\"@type\":\"WebPage\",\"@id\":\"https:\/\/www.p22on.com.br\/parcerias\/\",\"url\":\"https:\/\/www.p22on.com.br\/parcerias\/\",\"name\":\"Parcerias - P22_ON\",\"isPartOf\":{\"@id\":\"https:\/\/www.p22on.com.br\/#website\"},\"datePublished\":\"2016-07-05T15:27:20+00:00\",\"dateModified\":\"2022-02-14T13:33:45+00:00\",\"breadcrumb\":{\"@id\":\"https:\/\/www.p22on.com.br\/parcerias\/#breadcrumb\"},\"inLanguage\":\"en-US\",\"potentialAction\":[{\"@type\":\"ReadAction\",\"target\":[\"https:\/\/www.p22on.com.br\/parcerias\/\"]}]},{\"@type\":\"BreadcrumbList\",\"@id\":\"https:\/\/www.p22on.com.br\/parcerias\/#breadcrumb\",\"itemListElement\":[{\"@type\":\"ListItem\",\"position\":1,\"name\":\"In\u00edcio\",\"item\":\"https:\/\/www.p22on.com.br\/\"},{\"@type\":\"ListItem\",\"position\":2,\"name\":\"Parcerias\"}]},{\"@type\":\"WebSite\",\"@id\":\"https:\/\/www.p22on.com.br\/#website\",\"url\":\"https:\/\/www.p22on.com.br\/\",\"name\":\"P22_ON\",\"description\":\"\",\"potentialAction\":[{\"@type\":\"SearchAction\",\"target\":{\"@type\":\"EntryPoint\",\"urlTemplate\":\"https:\/\/www.p22on.com.br\/?s={search_term_string}\"},\"query-input\":\"required name=search_term_string\"}],\"inLanguage\":\"en-US\"}]}<\/script>\n<!-- \/ Yoast SEO plugin. -->","yoast_head_json":{"title":"Parcerias","description":"Se voc\u00ea tem interesse em associar a sua organiza\u00e7\u00e3o a um conte\u00fado de alta qualidade sobre temas estrat\u00e9gicos da sustentabilidade, apoie as edi\u00e7\u00f5es da P22_ON! Para informa\u00e7\u00f5es sobre as condi\u00e7\u00f5es de parceria, escreva para contato@pagina22.com.br. &nbsp;","robots":{"index":"index","follow":"follow","max-snippet":"max-snippet:-1","max-image-preview":"max-image-preview:large","max-video-preview":"max-video-preview:-1"},"canonical":"https:\/\/www.p22on.com.br\/parcerias\/","og_locale":"en_US","og_type":"article","og_title":"Parcerias","og_description":"Se voc\u00ea tem interesse em associar a sua organiza\u00e7\u00e3o a um conte\u00fado de alta qualidade sobre temas estrat\u00e9gicos da sustentabilidade, apoie as edi\u00e7\u00f5es da P22_ON! Para informa\u00e7\u00f5es sobre as condi\u00e7\u00f5es de parceria, escreva para contato@pagina22.com.br. &nbsp;","og_url":"https:\/\/www.p22on.com.br\/parcerias\/","og_site_name":"P22_ON","article_publisher":"https:\/\/www.facebook.com\/p22on","article_modified_time":"2022-02-14T13:33:45+00:00","og_image":[{"url":"http:\/\/www.p22on.com.br\/wp-content\/uploads\/2015\/08\/p22on-thumbnail.jpg"}],"twitter_card":"summary_large_image","twitter_site":"@p22on","twitter_misc":{"Est. reading time":"1 minute"},"schema":{"@context":"https:\/\/schema.org","@graph":[{"@type":"WebPage","@id":"https:\/\/www.p22on.com.br\/parcerias\/","url":"https:\/\/www.p22on.com.br\/parcerias\/","name":"Parcerias - P22_ON","isPartOf":{"@id":"https:\/\/www.p22on.com.br\/#website"},"datePublished":"2016-07-05T15:27:20+00:00","dateModified":"2022-02-14T13:33:45+00:00","breadcrumb":{"@id":"https:\/\/www.p22on.com.br\/parcerias\/#breadcrumb"},"inLanguage":"en-US","potentialAction":[{"@type":"ReadAction","target":["https:\/\/www.p22on.com.br\/parcerias\/"]}]},{"@type":"BreadcrumbList","@id":"https:\/\/www.p22on.com.br\/parcerias\/#breadcrumb","itemListElement":[{"@type":"ListItem","position":1,"name":"In\u00edcio","item":"https:\/\/www.p22on.com.br\/"},{"@type":"ListItem","position":2,"name":"Parcerias"}]},{"@type":"WebSite","@id":"https:\/\/www.p22on.com.br\/#website","url":"https:\/\/www.p22on.com.br\/","name":"P22_ON","description":"","potentialAction":[{"@type":"SearchAction","target":{"@type":"EntryPoint","urlTemplate":"https:\/\/www.p22on.com.br\/?s={search_term_string}"},"query-input":"required name=search_term_string"}],"inLanguage":"en-US"}]}},"_links":{"self":[{"href":"https:\/\/www.p22on.com.br\/wp-json\/wp\/v2\/pages\/1108"}],"collection":[{"href":"https:\/\/www.p22on.com.br\/wp-json\/wp\/v2\/pages"}],"about":[{"href":"https:\/\/www.p22on.com.br\/wp-json\/wp\/v2\/types\/page"}],"author":[{"embeddable":true,"href":"https:\/\/www.p22on.com.br\/wp-json\/wp\/v2\/users\/2"}],"replies":[{"embeddable":true,"href":"https:\/\/www.p22on.com.br\/wp-json\/wp\/v2\/comments?post=1108"}],"version-history":[{"count":17,"href":"https:\/\/www.p22on.com.br\/wp-json\/wp\/v2\/pages\/1108\/revisions"}],"predecessor-version":[{"id":3590,"href":"https:\/\/www.p22on.com.br\/wp-json\/wp\/v2\/pages\/1108\/revisions\/3590"}],"wp:attachment":[{"href":"https:\/\/www.p22on.com.br\/wp-json\/wp\/v2\/media?parent=1108"}],"curies":[{"name":"wp","href":"https:\/\/api.w.org\/{rel}","templated":true}]}}