{"id":178,"date":"2015-08-05T17:51:21","date_gmt":"2015-08-05T20:51:21","guid":{"rendered":"http:\/\/www.p22on.com.br\/?page_id=178"},"modified":"2021-11-17T15:26:05","modified_gmt":"2021-11-17T18:26:05","slug":"entenda","status":"publish","type":"page","link":"https:\/\/www.p22on.com.br\/entenda\/","title":{"rendered":"Entenda"},"content":{"rendered":"<p><strong>Entenda a P\u00e1gina22<\/strong><\/p>\n<p>A Revista P\u00e1gina22 \u00e9 um ve\u00edculo jornal\u00edstico pioneiro na cobertura da sustentabilidade, que se tornou refer\u00eancia no Brasil.\u00a0 Atua como radar de tend\u00eancias e apresenta caminhos propositivos. Promove a sinapse entre assuntos e atores e traz um olhar original sobre temas de interesse comum. Tudo isso de forma democr\u00e1tica, uma vez que todo o conte\u00fado pode ser acessado livremente, reproduzido e compartilhado mediante licen\u00e7a Creative Commons. Acesse a <a href=\"http:\/\/pagina22.com.br\/revistas\/\">cole\u00e7\u00e3o completa aqui<\/a>.<\/p>\n<p><strong>Entenda a P22_ON<\/strong><\/p>\n<p>A P22_ON \u00e9 um produto multim\u00eddia da P\u00e1gina22 voltado para comunicar a sociedade sobre temas assuntos complexos, mas que s\u00e3o estrat\u00e9gicos para o desenvolvimento sustent\u00e1vel. Para isso, busca usar uma linguagem atraente e acess\u00edvel aos diversos p\u00fablicos, acreditando que a informa\u00e7\u00e3o clara \u00e9 o primeiro passo para a constru\u00e7\u00e3o de pol\u00edticas e transforma\u00e7\u00f5es nas empresas que tragam bem-estar para todos. Confira no cabe\u00e7alho deste site todas as edi\u00e7\u00f5es de P22_ON j\u00e1 publicadas.<\/p>\n<p>&nbsp;<\/p>\n<p>&nbsp;<\/p>\n","protected":false},"excerpt":{"rendered":"<p>Entenda a P\u00e1gina22 A Revista P\u00e1gina22 \u00e9 um ve\u00edculo jornal\u00edstico pioneiro na cobertura da sustentabilidade, que se tornou refer\u00eancia no Brasil.\u00a0 Atua como radar de tend\u00eancias e apresenta caminhos propositivos. Promove a sinapse entre assuntos e atores e traz um olhar original sobre temas de interesse comum. Tudo isso de forma democr\u00e1tica, uma vez que [&hellip;]<\/p>\n","protected":false},"author":2,"featured_media":0,"parent":0,"menu_order":2,"comment_status":"open","ping_status":"open","template":"","meta":{"footnotes":""},"yoast_head":"<!-- This site is optimized with the Yoast SEO plugin v21.5 - https:\/\/yoast.com\/wordpress\/plugins\/seo\/ -->\n<title>Entenda<\/title>\n<meta name=\"description\" content=\"Entenda a P\u00e1gina22 A Revista P\u00e1gina22 \u00e9 um ve\u00edculo jornal\u00edstico pioneiro na cobertura da sustentabilidade, que se tornou refer\u00eancia no Brasil.\u00a0 Atua como radar de tend\u00eancias e apresenta caminhos propositivos. Promove a sinapse entre assuntos e atores e traz um olhar original sobre temas de interesse comum. Tudo isso de forma democr\u00e1tica, uma vez que&hellip;\" \/>\n<meta name=\"robots\" content=\"index, follow, max-snippet:-1, max-image-preview:large, max-video-preview:-1\" \/>\n<link rel=\"canonical\" href=\"https:\/\/www.p22on.com.br\/entenda\/\" \/>\n<meta property=\"og:locale\" content=\"en_US\" \/>\n<meta property=\"og:type\" content=\"article\" \/>\n<meta property=\"og:title\" content=\"Entenda\" \/>\n<meta property=\"og:description\" content=\"Entenda a P\u00e1gina22 A Revista P\u00e1gina22 \u00e9 um ve\u00edculo jornal\u00edstico pioneiro na cobertura da sustentabilidade, que se tornou refer\u00eancia no Brasil.\u00a0 Atua como radar de tend\u00eancias e apresenta caminhos propositivos. Promove a sinapse entre assuntos e atores e traz um olhar original sobre temas de interesse comum. Tudo isso de forma democr\u00e1tica, uma vez que&hellip;\" \/>\n<meta property=\"og:url\" content=\"https:\/\/www.p22on.com.br\/entenda\/\" \/>\n<meta property=\"og:site_name\" content=\"P22_ON\" \/>\n<meta property=\"article:publisher\" content=\"https:\/\/www.facebook.com\/p22on\" \/>\n<meta property=\"article:modified_time\" content=\"2021-11-17T18:26:05+00:00\" \/>\n<meta property=\"og:image\" content=\"http:\/\/www.p22on.com.br\/wp-content\/uploads\/2015\/08\/p22on-thumbnail.jpg\" \/>\n<meta name=\"twitter:card\" content=\"summary_large_image\" \/>\n<meta name=\"twitter:site\" content=\"@p22on\" \/>\n<meta name=\"twitter:label1\" content=\"Est. reading time\" \/>\n\t<meta name=\"twitter:data1\" content=\"1 minute\" \/>\n<script type=\"application\/ld+json\" class=\"yoast-schema-graph\">{\"@context\":\"https:\/\/schema.org\",\"@graph\":[{\"@type\":\"WebPage\",\"@id\":\"https:\/\/www.p22on.com.br\/entenda\/\",\"url\":\"https:\/\/www.p22on.com.br\/entenda\/\",\"name\":\"Entenda - P22_ON\",\"isPartOf\":{\"@id\":\"https:\/\/www.p22on.com.br\/#website\"},\"datePublished\":\"2015-08-05T20:51:21+00:00\",\"dateModified\":\"2021-11-17T18:26:05+00:00\",\"breadcrumb\":{\"@id\":\"https:\/\/www.p22on.com.br\/entenda\/#breadcrumb\"},\"inLanguage\":\"en-US\",\"potentialAction\":[{\"@type\":\"ReadAction\",\"target\":[\"https:\/\/www.p22on.com.br\/entenda\/\"]}]},{\"@type\":\"BreadcrumbList\",\"@id\":\"https:\/\/www.p22on.com.br\/entenda\/#breadcrumb\",\"itemListElement\":[{\"@type\":\"ListItem\",\"position\":1,\"name\":\"In\u00edcio\",\"item\":\"https:\/\/www.p22on.com.br\/\"},{\"@type\":\"ListItem\",\"position\":2,\"name\":\"Entenda\"}]},{\"@type\":\"WebSite\",\"@id\":\"https:\/\/www.p22on.com.br\/#website\",\"url\":\"https:\/\/www.p22on.com.br\/\",\"name\":\"P22_ON\",\"description\":\"\",\"potentialAction\":[{\"@type\":\"SearchAction\",\"target\":{\"@type\":\"EntryPoint\",\"urlTemplate\":\"https:\/\/www.p22on.com.br\/?s={search_term_string}\"},\"query-input\":\"required name=search_term_string\"}],\"inLanguage\":\"en-US\"}]}<\/script>\n<!-- \/ Yoast SEO plugin. -->","yoast_head_json":{"title":"Entenda","description":"Entenda a P\u00e1gina22 A Revista P\u00e1gina22 \u00e9 um ve\u00edculo jornal\u00edstico pioneiro na cobertura da sustentabilidade, que se tornou refer\u00eancia no Brasil.\u00a0 Atua como radar de tend\u00eancias e apresenta caminhos propositivos. Promove a sinapse entre assuntos e atores e traz um olhar original sobre temas de interesse comum. Tudo isso de forma democr\u00e1tica, uma vez que&hellip;","robots":{"index":"index","follow":"follow","max-snippet":"max-snippet:-1","max-image-preview":"max-image-preview:large","max-video-preview":"max-video-preview:-1"},"canonical":"https:\/\/www.p22on.com.br\/entenda\/","og_locale":"en_US","og_type":"article","og_title":"Entenda","og_description":"Entenda a P\u00e1gina22 A Revista P\u00e1gina22 \u00e9 um ve\u00edculo jornal\u00edstico pioneiro na cobertura da sustentabilidade, que se tornou refer\u00eancia no Brasil.\u00a0 Atua como radar de tend\u00eancias e apresenta caminhos propositivos. Promove a sinapse entre assuntos e atores e traz um olhar original sobre temas de interesse comum. Tudo isso de forma democr\u00e1tica, uma vez que&hellip;","og_url":"https:\/\/www.p22on.com.br\/entenda\/","og_site_name":"P22_ON","article_publisher":"https:\/\/www.facebook.com\/p22on","article_modified_time":"2021-11-17T18:26:05+00:00","og_image":[{"url":"http:\/\/www.p22on.com.br\/wp-content\/uploads\/2015\/08\/p22on-thumbnail.jpg"}],"twitter_card":"summary_large_image","twitter_site":"@p22on","twitter_misc":{"Est. reading time":"1 minute"},"schema":{"@context":"https:\/\/schema.org","@graph":[{"@type":"WebPage","@id":"https:\/\/www.p22on.com.br\/entenda\/","url":"https:\/\/www.p22on.com.br\/entenda\/","name":"Entenda - P22_ON","isPartOf":{"@id":"https:\/\/www.p22on.com.br\/#website"},"datePublished":"2015-08-05T20:51:21+00:00","dateModified":"2021-11-17T18:26:05+00:00","breadcrumb":{"@id":"https:\/\/www.p22on.com.br\/entenda\/#breadcrumb"},"inLanguage":"en-US","potentialAction":[{"@type":"ReadAction","target":["https:\/\/www.p22on.com.br\/entenda\/"]}]},{"@type":"BreadcrumbList","@id":"https:\/\/www.p22on.com.br\/entenda\/#breadcrumb","itemListElement":[{"@type":"ListItem","position":1,"name":"In\u00edcio","item":"https:\/\/www.p22on.com.br\/"},{"@type":"ListItem","position":2,"name":"Entenda"}]},{"@type":"WebSite","@id":"https:\/\/www.p22on.com.br\/#website","url":"https:\/\/www.p22on.com.br\/","name":"P22_ON","description":"","potentialAction":[{"@type":"SearchAction","target":{"@type":"EntryPoint","urlTemplate":"https:\/\/www.p22on.com.br\/?s={search_term_string}"},"query-input":"required name=search_term_string"}],"inLanguage":"en-US"}]}},"_links":{"self":[{"href":"https:\/\/www.p22on.com.br\/wp-json\/wp\/v2\/pages\/178"}],"collection":[{"href":"https:\/\/www.p22on.com.br\/wp-json\/wp\/v2\/pages"}],"about":[{"href":"https:\/\/www.p22on.com.br\/wp-json\/wp\/v2\/types\/page"}],"author":[{"embeddable":true,"href":"https:\/\/www.p22on.com.br\/wp-json\/wp\/v2\/users\/2"}],"replies":[{"embeddable":true,"href":"https:\/\/www.p22on.com.br\/wp-json\/wp\/v2\/comments?post=178"}],"version-history":[{"count":19,"href":"https:\/\/www.p22on.com.br\/wp-json\/wp\/v2\/pages\/178\/revisions"}],"predecessor-version":[{"id":3576,"href":"https:\/\/www.p22on.com.br\/wp-json\/wp\/v2\/pages\/178\/revisions\/3576"}],"wp:attachment":[{"href":"https:\/\/www.p22on.com.br\/wp-json\/wp\/v2\/media?parent=178"}],"curies":[{"name":"wp","href":"https:\/\/api.w.org\/{rel}","templated":true}]}}